{"id":8,"date":"2026-04-15T03:13:24","date_gmt":"2026-04-15T03:13:24","guid":{"rendered":"https:\/\/perdonados.com\/?page_id=8"},"modified":"2026-04-15T04:13:06","modified_gmt":"2026-04-15T04:13:06","slug":"los-hombres-no-estan-bien-pero-pueden-levantarse","status":"publish","type":"page","link":"https:\/\/perdonados.com\/index.php\/los-hombres-no-estan-bien-pero-pueden-levantarse\/","title":{"rendered":"inicio"},"content":{"rendered":"\n<div class=\"wp-block-cover alignfull\" style=\"min-height:942px;aspect-ratio:unset;\"><span aria-hidden=\"true\" class=\"wp-block-cover__background has-contrast-background-color has-background-dim-100 has-background-dim\"><\/span><div class=\"wp-block-cover__inner-container has-global-padding is-layout-constrained wp-block-cover-is-layout-constrained\">\n<p class=\"has-text-align-center has-large-font-size\">LOS HOMBRES NO EST\u00c1N BIEN\u2026<br>PERO PUEDEN LEVANTARSE.<\/p>\n\n\n\n<p class=\"has-text-align-center\">PERDONADOS no es un grupo m\u00e1s.<\/p>\n\n\n\n<p class=\"has-text-align-center\">Es un lugar donde hombres reales enfrentan lo que est\u00e1n viviendo\u2026 sin m\u00e1scaras.<\/p>\n\n\n\n<p class=\"has-text-align-center\">Aqu\u00ed no venimos a aparentar.<br>Venimos a cambiar.<\/p>\n\n\n\n<p class=\"has-text-align-center\">Adicciones, doble vida, frustraci\u00f3n, p\u00e9rdida de prop\u00f3sito\u2026<\/p>\n\n\n\n<p class=\"has-text-align-center\">No est\u00e1s solo\u2026 pero tampoco puedes seguir igual.<\/p>\n\n\n\n<p class=\"has-text-align-center\">Mi\u00e9rcoles 8PM \u2014 Casa de Perd\u00f3n<\/p>\n\n\n\n<p class=\"has-text-align-center has-large-font-size\">Un hogar para volver a empezar.<\/p>\n\n\n\n<div class=\"wp-block-buttons alignfull is-content-justification-center is-layout-flex wp-container-core-buttons-is-layout-72caf8c6 wp-block-buttons-is-layout-flex\">\n<div class=\"wp-block-button is-style-outline is-style-outline--1\"><a class=\"wp-block-button__link wp-element-button\" href=\"http:\/\/wa.me\/525574222582\"><strong><mark style=\"background-color:#ffffff2b;color:#aeaeae\" class=\"has-inline-color\">NECESITO AYUDA<\/mark><\/strong><\/a><\/div>\n<\/div>\n<\/div><\/div>\n","protected":false},"excerpt":{"rendered":"","protected":false},"author":1,"featured_media":0,"parent":0,"menu_order":0,"comment_status":"closed","ping_status":"closed","template":"","meta":{"footnotes":""},"class_list":["post-8","page","type-page","status-publish","hentry"],"_links":{"self":[{"href":"https:\/\/perdonados.com\/index.php\/wp-json\/wp\/v2\/pages\/8","targetHints":{"allow":["GET"]}}],"collection":[{"href":"https:\/\/perdonados.com\/index.php\/wp-json\/wp\/v2\/pages"}],"about":[{"href":"https:\/\/perdonados.com\/index.php\/wp-json\/wp\/v2\/types\/page"}],"author":[{"embeddable":true,"href":"https:\/\/perdonados.com\/index.php\/wp-json\/wp\/v2\/users\/1"}],"replies":[{"embeddable":true,"href":"https:\/\/perdonados.com\/index.php\/wp-json\/wp\/v2\/comments?post=8"}],"version-history":[{"count":6,"href":"https:\/\/perdonados.com\/index.php\/wp-json\/wp\/v2\/pages\/8\/revisions"}],"predecessor-version":[{"id":16,"href":"https:\/\/perdonados.com\/index.php\/wp-json\/wp\/v2\/pages\/8\/revisions\/16"}],"wp:attachment":[{"href":"https:\/\/perdonados.com\/index.php\/wp-json\/wp\/v2\/media?parent=8"}],"curies":[{"name":"wp","href":"https:\/\/api.w.org\/{rel}","templated":true}]}}